{"id":586,"date":"2024-09-04T08:54:34","date_gmt":"2024-09-04T08:54:34","guid":{"rendered":"https:\/\/absymwallonie.eu\/?page_id=586"},"modified":"2025-12-30T08:22:10","modified_gmt":"2025-12-30T08:22:10","slug":"affiliation","status":"publish","type":"page","link":"https:\/\/absymwallonie.eu\/?page_id=586","title":{"rendered":"AFFILIATION"},"content":{"rendered":"\n<p>La cotisation est le moyen indispensable pour assurer la d\u00e9fense d\u2019une m\u00e9decine ind\u00e9pendante et de qualit\u00e9, g\u00e9r\u00e9e par consensus avec les pouvoirs, et arr\u00eater le dirigisme des politiques qui risque de gripper la vie professionnelle et vous donne&nbsp;acc\u00e8s \u00e0 de nombreux services rendus&nbsp;par notre Bureau technique et ses juristes.<\/p>\n\n\n\n<p><strong><mark style=\"background-color:rgba(0, 0, 0, 0)\" class=\"has-inline-color has-vivid-cyan-blue-color\"><strong><mark style=\"background-color:rgba(0, 0, 0, 0)\" class=\"has-inline-color has-vivid-cyan-blue-color\">Pourquoi vous demande-t-on de payer une cotisation ?<\/mark><\/strong><\/mark><\/strong><\/p>\n\n\n\n<p><\/p>\n\n\n\n<ul class=\"wp-block-list\">\n<li>Tous les syndicats m\u00e9dicaux sont oblig\u00e9s juridiquement, pour \u00eatre consid\u00e9r\u00e9s comme tels, de demander \u00e0 leurs membres le paiement d\u2019une cotisation d\u2019un montant minimum fix\u00e9 par des normes.<\/li>\n\n\n\n<li>Parce que c\u2019est <strong>uniquement par le biais de vos cotisations que l\u2019ABSyM Wallonie peut fonctionner<\/strong> ce qui signifie concr\u00e8tement et entre autres :<\/li>\n<\/ul>\n\n\n\n<p><br>     &#8211; s\u2019entourer de collaborateurs exp\u00e9riment\u00e9s pour vous &#8211; et nous \u2013 \u00e9pauler ;<br>     &#8211; vous proposer nos nombreux services et avantages, en constante \u00e9volution.<\/p>\n\n\n\n<p><br><strong><mark style=\"background-color:rgba(0, 0, 0, 0)\" class=\"has-inline-color has-vivid-cyan-blue-color\">Comment sont fix\u00e9s les montants de cotisation ?<\/mark><\/strong><\/p>\n\n\n\n<p>Chaque ann\u00e9e, le conseil d\u2019administration de l\u2019ABSyM Wallonie arr\u00eate les montants de l\u2019ann\u00e9e suivante. Pour la fixation des montants, il est notamment tenu compte des \u00e9l\u00e9ments suivants :<\/p>\n\n\n\n<figure class=\"wp-block-image aligncenter size-full\"><img loading=\"lazy\" decoding=\"async\" width=\"539\" height=\"635\" src=\"https:\/\/absymwallonie.eu\/wp-content\/uploads\/2025\/12\/montant-2026.jpg\" alt=\"\" class=\"wp-image-1085\" srcset=\"https:\/\/absymwallonie.eu\/wp-content\/uploads\/2025\/12\/montant-2026.jpg 539w, https:\/\/absymwallonie.eu\/wp-content\/uploads\/2025\/12\/montant-2026-255x300.jpg 255w\" sizes=\"auto, (max-width: 539px) 100vw, 539px\" \/><\/figure>\n\n\n\n<p>La cotisation est d\u00e9ductible fiscalement en charge professionnelle (un re\u00e7u vous sera envoy\u00e9 avec votre carte de membre) et est \u00e0 verser sur le compte CBC BE53 7320 3913 9753 au nom&nbsp;de l&rsquo;ABSyM Wallonie avec en communication <em><u><strong>vos nom, pr\u00e9nom &amp; n\u00b0 d&rsquo;INAMI<\/strong><\/u><\/em> (et, pour les cotisations de couple<br>ou de groupe, merci d\u2019indiquer \u00e9galement le nom de votre partenaire ou du groupe)<\/p>\n\n\n\n<p><strong>Tous les services&nbsp;de l&rsquo;ABSyM Wallonie&nbsp;sont r\u00e9serv\u00e9s&nbsp;aux membres en r\u00e8gle de cotisation.<\/strong><strong><\/strong><\/p>\n\n\n\n<p>Une r\u00e9duction de cotisation peut \u00eatre demand\u00e9e en cas de probl\u00e8me.&nbsp;                                             <em><strong>Cette demande<\/strong> <strong>annuelle \u00e9crite et justifi\u00e9e<\/strong><\/em><strong>&nbsp;<\/strong>sera soumise au Pr\u00e9sident pour acceptation.<\/p>\n\n\n\n<p>Le versement mensuel d\u2019un montant de 41 \u20ac par ordre permanent est possible. Le re\u00e7u fiscal sera envoy\u00e9 apr\u00e8s le dernier versement.<\/p>\n\n\n\n<p>Bulletin d&rsquo;affiliation et\/ou de mise \u00e0 jour :<\/p>\n\n\n\n<ul class=\"wp-block-list\">\n<li>version Word <a href=\"http:\/\/absymwallonie.eu\/wp-content\/uploads\/2025\/10\/bulletin-2025.docx\">ici<\/a><\/li>\n\n\n\n<li>version PDF <a href=\"http:\/\/absymwallonie.eu\/wp-content\/uploads\/2025\/10\/bulletin-2025.pdf\">ici<\/a><\/li>\n<\/ul>\n\n\n\n<p><\/p>\n","protected":false},"excerpt":{"rendered":"<p>La cotisation est le moyen indispensable pour assurer la d\u00e9fense d\u2019une m\u00e9decine ind\u00e9pendante et de qualit\u00e9, g\u00e9r\u00e9e par consensus avec les pouvoirs, et arr\u00eater le dirigisme des politiques qui risque de gripper la vie professionnelle et vous donne&nbsp;acc\u00e8s \u00e0 de nombreux services rendus&nbsp;par notre Bureau technique et ses juristes. Pourquoi vous demande-t-on de payer une [&hellip;]<\/p>\n","protected":false},"author":1,"featured_media":0,"parent":0,"menu_order":0,"comment_status":"closed","ping_status":"closed","template":"","meta":{"site-container-style":"default","site-container-layout":"default","site-sidebar-layout":"default","disable-article-header":"default","disable-site-header":"default","disable-site-footer":"default","disable-content-area-spacing":"default","footnotes":""},"class_list":["post-586","page","type-page","status-publish","hentry"],"_links":{"self":[{"href":"https:\/\/absymwallonie.eu\/index.php?rest_route=\/wp\/v2\/pages\/586","targetHints":{"allow":["GET"]}}],"collection":[{"href":"https:\/\/absymwallonie.eu\/index.php?rest_route=\/wp\/v2\/pages"}],"about":[{"href":"https:\/\/absymwallonie.eu\/index.php?rest_route=\/wp\/v2\/types\/page"}],"author":[{"embeddable":true,"href":"https:\/\/absymwallonie.eu\/index.php?rest_route=\/wp\/v2\/users\/1"}],"replies":[{"embeddable":true,"href":"https:\/\/absymwallonie.eu\/index.php?rest_route=%2Fwp%2Fv2%2Fcomments&post=586"}],"version-history":[{"count":18,"href":"https:\/\/absymwallonie.eu\/index.php?rest_route=\/wp\/v2\/pages\/586\/revisions"}],"predecessor-version":[{"id":1087,"href":"https:\/\/absymwallonie.eu\/index.php?rest_route=\/wp\/v2\/pages\/586\/revisions\/1087"}],"wp:attachment":[{"href":"https:\/\/absymwallonie.eu\/index.php?rest_route=%2Fwp%2Fv2%2Fmedia&parent=586"}],"curies":[{"name":"wp","href":"https:\/\/api.w.org\/{rel}","templated":true}]}}